{"id":2707,"date":"2025-10-29T10:35:30","date_gmt":"2025-10-29T09:35:30","guid":{"rendered":"https:\/\/lacledesforges.com\/?page_id=2707"},"modified":"2025-11-04T08:47:29","modified_gmt":"2025-11-04T07:47:29","slug":"decouvrir-sevader","status":"publish","type":"page","link":"https:\/\/lacledesforges.com\/index.php\/decouvrir-sevader\/","title":{"rendered":"Activit\u00e9s"},"content":{"rendered":"","protected":false},"excerpt":{"rendered":"","protected":false},"author":1,"featured_media":0,"parent":0,"menu_order":0,"comment_status":"closed","ping_status":"open","template":"","meta":{"footnotes":""},"class_list":["post-2707","page","type-page","status-publish","hentry"],"yoast_head":"<!-- This site is optimized with the Yoast SEO plugin v26.2 - https:\/\/yoast.com\/wordpress\/plugins\/seo\/ -->\n<title>Activit\u00e9s - La Cle des Forges<\/title>\n<meta name=\"description\" content=\"Maison d\u2019h\u00f4tes au c\u0153ur de la cit\u00e9 m\u00e9di\u00e9vale Ferri\u00e8res-en-G\u00e2tinais. Tournez la cl\u00e9 des Forges travers\u00e9 par la rivi\u00e8re la Clery.\" \/>\n<meta name=\"robots\" content=\"index, follow, max-snippet:-1, max-image-preview:large, max-video-preview:-1\" \/>\n<link rel=\"canonical\" href=\"https:\/\/lacledesforges.com\/index.php\/decouvrir-sevader\/\" \/>\n<meta property=\"og:locale\" content=\"fr_FR\" \/>\n<meta property=\"og:type\" content=\"article\" \/>\n<meta property=\"og:title\" content=\"Activit\u00e9s - La Cle des Forges\" \/>\n<meta property=\"og:description\" content=\"Maison d\u2019h\u00f4tes au c\u0153ur de la cit\u00e9 m\u00e9di\u00e9vale Ferri\u00e8res-en-G\u00e2tinais. Tournez la cl\u00e9 des Forges travers\u00e9 par la rivi\u00e8re la Clery.\" \/>\n<meta property=\"og:url\" content=\"https:\/\/lacledesforges.com\/index.php\/decouvrir-sevader\/\" \/>\n<meta property=\"og:site_name\" content=\"La Cle des Forges\" \/>\n<meta property=\"article:modified_time\" content=\"2025-11-04T07:47:29+00:00\" \/>\n<meta name=\"twitter:card\" content=\"summary_large_image\" \/>\n<script type=\"application\/ld+json\" class=\"yoast-schema-graph\">{\"@context\":\"https:\/\/schema.org\",\"@graph\":[{\"@type\":\"WebPage\",\"@id\":\"https:\/\/lacledesforges.com\/index.php\/decouvrir-sevader\/\",\"url\":\"https:\/\/lacledesforges.com\/index.php\/decouvrir-sevader\/\",\"name\":\"Activit\u00e9s - La Cle des Forges\",\"isPartOf\":{\"@id\":\"https:\/\/lacledesforges.com\/#website\"},\"datePublished\":\"2025-10-29T09:35:30+00:00\",\"dateModified\":\"2025-11-04T07:47:29+00:00\",\"description\":\"Maison d\u2019h\u00f4tes au c\u0153ur de la cit\u00e9 m\u00e9di\u00e9vale Ferri\u00e8res-en-G\u00e2tinais. Tournez la cl\u00e9 des Forges travers\u00e9 par la rivi\u00e8re la Clery.\",\"breadcrumb\":{\"@id\":\"https:\/\/lacledesforges.com\/index.php\/decouvrir-sevader\/#breadcrumb\"},\"inLanguage\":\"fr-FR\",\"potentialAction\":[{\"@type\":\"ReadAction\",\"target\":[\"https:\/\/lacledesforges.com\/index.php\/decouvrir-sevader\/\"]}]},{\"@type\":\"BreadcrumbList\",\"@id\":\"https:\/\/lacledesforges.com\/index.php\/decouvrir-sevader\/#breadcrumb\",\"itemListElement\":[{\"@type\":\"ListItem\",\"position\":1,\"name\":\"Accueil\",\"item\":\"https:\/\/lacledesforges.com\/\"},{\"@type\":\"ListItem\",\"position\":2,\"name\":\"Activit\u00e9s\"}]},{\"@type\":\"WebSite\",\"@id\":\"https:\/\/lacledesforges.com\/#website\",\"url\":\"https:\/\/lacledesforges.com\/\",\"name\":\"La Cle des Forges\",\"description\":\"\",\"potentialAction\":[{\"@type\":\"SearchAction\",\"target\":{\"@type\":\"EntryPoint\",\"urlTemplate\":\"https:\/\/lacledesforges.com\/?s={search_term_string}\"},\"query-input\":{\"@type\":\"PropertyValueSpecification\",\"valueRequired\":true,\"valueName\":\"search_term_string\"}}],\"inLanguage\":\"fr-FR\"}]}<\/script>\n<!-- \/ Yoast SEO plugin. -->","yoast_head_json":{"title":"Activit\u00e9s - La Cle des Forges","description":"Maison d\u2019h\u00f4tes au c\u0153ur de la cit\u00e9 m\u00e9di\u00e9vale Ferri\u00e8res-en-G\u00e2tinais. Tournez la cl\u00e9 des Forges travers\u00e9 par la rivi\u00e8re la Clery.","robots":{"index":"index","follow":"follow","max-snippet":"max-snippet:-1","max-image-preview":"max-image-preview:large","max-video-preview":"max-video-preview:-1"},"canonical":"https:\/\/lacledesforges.com\/index.php\/decouvrir-sevader\/","og_locale":"fr_FR","og_type":"article","og_title":"Activit\u00e9s - La Cle des Forges","og_description":"Maison d\u2019h\u00f4tes au c\u0153ur de la cit\u00e9 m\u00e9di\u00e9vale Ferri\u00e8res-en-G\u00e2tinais. Tournez la cl\u00e9 des Forges travers\u00e9 par la rivi\u00e8re la Clery.","og_url":"https:\/\/lacledesforges.com\/index.php\/decouvrir-sevader\/","og_site_name":"La Cle des Forges","article_modified_time":"2025-11-04T07:47:29+00:00","twitter_card":"summary_large_image","schema":{"@context":"https:\/\/schema.org","@graph":[{"@type":"WebPage","@id":"https:\/\/lacledesforges.com\/index.php\/decouvrir-sevader\/","url":"https:\/\/lacledesforges.com\/index.php\/decouvrir-sevader\/","name":"Activit\u00e9s - La Cle des Forges","isPartOf":{"@id":"https:\/\/lacledesforges.com\/#website"},"datePublished":"2025-10-29T09:35:30+00:00","dateModified":"2025-11-04T07:47:29+00:00","description":"Maison d\u2019h\u00f4tes au c\u0153ur de la cit\u00e9 m\u00e9di\u00e9vale Ferri\u00e8res-en-G\u00e2tinais. Tournez la cl\u00e9 des Forges travers\u00e9 par la rivi\u00e8re la Clery.","breadcrumb":{"@id":"https:\/\/lacledesforges.com\/index.php\/decouvrir-sevader\/#breadcrumb"},"inLanguage":"fr-FR","potentialAction":[{"@type":"ReadAction","target":["https:\/\/lacledesforges.com\/index.php\/decouvrir-sevader\/"]}]},{"@type":"BreadcrumbList","@id":"https:\/\/lacledesforges.com\/index.php\/decouvrir-sevader\/#breadcrumb","itemListElement":[{"@type":"ListItem","position":1,"name":"Accueil","item":"https:\/\/lacledesforges.com\/"},{"@type":"ListItem","position":2,"name":"Activit\u00e9s"}]},{"@type":"WebSite","@id":"https:\/\/lacledesforges.com\/#website","url":"https:\/\/lacledesforges.com\/","name":"La Cle des Forges","description":"","potentialAction":[{"@type":"SearchAction","target":{"@type":"EntryPoint","urlTemplate":"https:\/\/lacledesforges.com\/?s={search_term_string}"},"query-input":{"@type":"PropertyValueSpecification","valueRequired":true,"valueName":"search_term_string"}}],"inLanguage":"fr-FR"}]}},"_links":{"self":[{"href":"https:\/\/lacledesforges.com\/index.php\/wp-json\/wp\/v2\/pages\/2707","targetHints":{"allow":["GET"]}}],"collection":[{"href":"https:\/\/lacledesforges.com\/index.php\/wp-json\/wp\/v2\/pages"}],"about":[{"href":"https:\/\/lacledesforges.com\/index.php\/wp-json\/wp\/v2\/types\/page"}],"author":[{"embeddable":true,"href":"https:\/\/lacledesforges.com\/index.php\/wp-json\/wp\/v2\/users\/1"}],"replies":[{"embeddable":true,"href":"https:\/\/lacledesforges.com\/index.php\/wp-json\/wp\/v2\/comments?post=2707"}],"version-history":[{"count":2,"href":"https:\/\/lacledesforges.com\/index.php\/wp-json\/wp\/v2\/pages\/2707\/revisions"}],"predecessor-version":[{"id":2712,"href":"https:\/\/lacledesforges.com\/index.php\/wp-json\/wp\/v2\/pages\/2707\/revisions\/2712"}],"wp:attachment":[{"href":"https:\/\/lacledesforges.com\/index.php\/wp-json\/wp\/v2\/media?parent=2707"}],"curies":[{"name":"wp","href":"https:\/\/api.w.org\/{rel}","templated":true}]}}